{"id":96,"date":"2023-02-24T08:46:48","date_gmt":"2023-02-24T07:46:48","guid":{"rendered":"http:\/\/www.safari-pei.re\/?page_id=96"},"modified":"2023-02-24T16:34:07","modified_gmt":"2023-02-24T15:34:07","slug":"circuit-cilaos","status":"publish","type":"page","link":"https:\/\/www.safari-pei.re\/index.php\/locations\/circuit-cilaos\/","title":{"rendered":"Circuit Cilaos"},"content":{"rendered":"<p>D\u00e9couvrir Cilaos apr\u00e8s avoir parcouru sa route aux 400 virages et traverser des paysages \u00e9blouissants.<\/p>\n<p>Cilaos, son \u00e9glise, son march\u00e9 couvert, ses ilets, sa culture,\u00a0 et bien d&rsquo;autres choses encore, vous d\u00e9couvrirez tout son charme et son authenticit\u00e9.<\/p>\n<p>&nbsp;<\/p>\n<p>TARIF ; 110 euros la journ\u00e9e<\/p>\n<p>&nbsp;<\/p>\n","protected":false},"excerpt":{"rendered":"<p>D\u00e9couvrir Cilaos apr\u00e8s avoir parcouru sa route aux 400 virages et traverser des paysages \u00e9blouissants. Cilaos, son \u00e9glise, son march\u00e9 couvert, ses ilets, sa culture,\u00a0 et bien d&rsquo;autres choses encore, vous d\u00e9couvrirez tout son charme et son authenticit\u00e9. &nbsp; TARIF ; 110 euros la journ\u00e9e &nbsp;<\/p>\n","protected":false},"author":2,"featured_media":0,"parent":46,"menu_order":8,"comment_status":"closed","ping_status":"closed","template":"","meta":{"footnotes":""},"class_list":["post-96","page","type-page","status-publish","hentry","nodate","item-wrap"],"_links":{"self":[{"href":"https:\/\/www.safari-pei.re\/index.php\/wp-json\/wp\/v2\/pages\/96","targetHints":{"allow":["GET"]}}],"collection":[{"href":"https:\/\/www.safari-pei.re\/index.php\/wp-json\/wp\/v2\/pages"}],"about":[{"href":"https:\/\/www.safari-pei.re\/index.php\/wp-json\/wp\/v2\/types\/page"}],"author":[{"embeddable":true,"href":"https:\/\/www.safari-pei.re\/index.php\/wp-json\/wp\/v2\/users\/2"}],"replies":[{"embeddable":true,"href":"https:\/\/www.safari-pei.re\/index.php\/wp-json\/wp\/v2\/comments?post=96"}],"version-history":[{"count":1,"href":"https:\/\/www.safari-pei.re\/index.php\/wp-json\/wp\/v2\/pages\/96\/revisions"}],"predecessor-version":[{"id":97,"href":"https:\/\/www.safari-pei.re\/index.php\/wp-json\/wp\/v2\/pages\/96\/revisions\/97"}],"up":[{"embeddable":true,"href":"https:\/\/www.safari-pei.re\/index.php\/wp-json\/wp\/v2\/pages\/46"}],"wp:attachment":[{"href":"https:\/\/www.safari-pei.re\/index.php\/wp-json\/wp\/v2\/media?parent=96"}],"curies":[{"name":"wp","href":"https:\/\/api.w.org\/{rel}","templated":true}]}}