{"id":94,"date":"2023-02-24T08:39:14","date_gmt":"2023-02-24T07:39:14","guid":{"rendered":"http:\/\/www.safari-pei.re\/?page_id=94"},"modified":"2023-02-24T16:33:53","modified_gmt":"2023-02-24T15:33:53","slug":"circuit-cap-jaune-et-cascades-du-sud","status":"publish","type":"page","link":"https:\/\/www.safari-pei.re\/index.php\/locations\/circuit-cap-jaune-et-cascades-du-sud\/","title":{"rendered":"Circuit Cap Jaune et cascades du sud"},"content":{"rendered":"<p>Curiosit\u00e9 g\u00e9ologique, le cap jaune se d\u00e9couvre apr\u00e8s une petite marche facile ou vous d\u00e9couvrirez la beaut\u00e9 de ses couleurs.<\/p>\n<p>Les belles cascades Langevin et Jacquelines compl\u00e8terons le programme de votre journ\u00e9e.<\/p>\n<p>&nbsp;<\/p>\n<p>TARIF : 110 euros la journ\u00e9e<\/p>\n","protected":false},"excerpt":{"rendered":"<p>Curiosit\u00e9 g\u00e9ologique, le cap jaune se d\u00e9couvre apr\u00e8s une petite marche facile ou vous d\u00e9couvrirez la beaut\u00e9 de ses couleurs. Les belles cascades Langevin et Jacquelines compl\u00e8terons le programme de votre journ\u00e9e. &nbsp; TARIF : 110 euros la journ\u00e9e<\/p>\n","protected":false},"author":2,"featured_media":0,"parent":46,"menu_order":7,"comment_status":"closed","ping_status":"closed","template":"","meta":{"footnotes":""},"class_list":["post-94","page","type-page","status-publish","hentry","nodate","item-wrap"],"_links":{"self":[{"href":"https:\/\/www.safari-pei.re\/index.php\/wp-json\/wp\/v2\/pages\/94","targetHints":{"allow":["GET"]}}],"collection":[{"href":"https:\/\/www.safari-pei.re\/index.php\/wp-json\/wp\/v2\/pages"}],"about":[{"href":"https:\/\/www.safari-pei.re\/index.php\/wp-json\/wp\/v2\/types\/page"}],"author":[{"embeddable":true,"href":"https:\/\/www.safari-pei.re\/index.php\/wp-json\/wp\/v2\/users\/2"}],"replies":[{"embeddable":true,"href":"https:\/\/www.safari-pei.re\/index.php\/wp-json\/wp\/v2\/comments?post=94"}],"version-history":[{"count":1,"href":"https:\/\/www.safari-pei.re\/index.php\/wp-json\/wp\/v2\/pages\/94\/revisions"}],"predecessor-version":[{"id":95,"href":"https:\/\/www.safari-pei.re\/index.php\/wp-json\/wp\/v2\/pages\/94\/revisions\/95"}],"up":[{"embeddable":true,"href":"https:\/\/www.safari-pei.re\/index.php\/wp-json\/wp\/v2\/pages\/46"}],"wp:attachment":[{"href":"https:\/\/www.safari-pei.re\/index.php\/wp-json\/wp\/v2\/media?parent=94"}],"curies":[{"name":"wp","href":"https:\/\/api.w.org\/{rel}","templated":true}]}}