{"id":92,"date":"2023-02-24T08:34:09","date_gmt":"2023-02-24T07:34:09","guid":{"rendered":"http:\/\/www.safari-pei.re\/?page_id=92"},"modified":"2023-02-24T16:33:40","modified_gmt":"2023-02-24T15:33:40","slug":"circuit-maido","status":"publish","type":"page","link":"https:\/\/www.safari-pei.re\/index.php\/locations\/circuit-maido\/","title":{"rendered":"Circuit Ma\u00efdo"},"content":{"rendered":"<p>D\u00e9couvrez le plus beau point de vue sur le cirque de Mafate class\u00e9 au patrimoine mondiale de l\u2019Unesco.<\/p>\n<p>Petit d\u00e9jeuner compris<\/p>\n<p>&nbsp;<\/p>\n<p>TARIF ; 60 euros le demi journ\u00e9e.<\/p>\n<p>&nbsp;<\/p>\n<p>&nbsp;<\/p>\n","protected":false},"excerpt":{"rendered":"<p>D\u00e9couvrez le plus beau point de vue sur le cirque de Mafate class\u00e9 au patrimoine mondiale de l\u2019Unesco. Petit d\u00e9jeuner compris &nbsp; TARIF ; 60 euros le demi journ\u00e9e. &nbsp; &nbsp;<\/p>\n","protected":false},"author":2,"featured_media":0,"parent":46,"menu_order":6,"comment_status":"closed","ping_status":"closed","template":"","meta":{"footnotes":""},"class_list":["post-92","page","type-page","status-publish","hentry","nodate","item-wrap"],"_links":{"self":[{"href":"https:\/\/www.safari-pei.re\/index.php\/wp-json\/wp\/v2\/pages\/92","targetHints":{"allow":["GET"]}}],"collection":[{"href":"https:\/\/www.safari-pei.re\/index.php\/wp-json\/wp\/v2\/pages"}],"about":[{"href":"https:\/\/www.safari-pei.re\/index.php\/wp-json\/wp\/v2\/types\/page"}],"author":[{"embeddable":true,"href":"https:\/\/www.safari-pei.re\/index.php\/wp-json\/wp\/v2\/users\/2"}],"replies":[{"embeddable":true,"href":"https:\/\/www.safari-pei.re\/index.php\/wp-json\/wp\/v2\/comments?post=92"}],"version-history":[{"count":1,"href":"https:\/\/www.safari-pei.re\/index.php\/wp-json\/wp\/v2\/pages\/92\/revisions"}],"predecessor-version":[{"id":93,"href":"https:\/\/www.safari-pei.re\/index.php\/wp-json\/wp\/v2\/pages\/92\/revisions\/93"}],"up":[{"embeddable":true,"href":"https:\/\/www.safari-pei.re\/index.php\/wp-json\/wp\/v2\/pages\/46"}],"wp:attachment":[{"href":"https:\/\/www.safari-pei.re\/index.php\/wp-json\/wp\/v2\/media?parent=92"}],"curies":[{"name":"wp","href":"https:\/\/api.w.org\/{rel}","templated":true}]}}