{"id":90,"date":"2023-02-24T08:29:26","date_gmt":"2023-02-24T07:29:26","guid":{"rendered":"http:\/\/www.safari-pei.re\/?page_id=90"},"modified":"2023-02-24T16:33:18","modified_gmt":"2023-02-24T15:33:18","slug":"circuit-volcan","status":"publish","type":"page","link":"https:\/\/www.safari-pei.re\/index.php\/locations\/circuit-volcan\/","title":{"rendered":"Circuit volcan"},"content":{"rendered":"<p>Entre beaut\u00e9 et frisson. Du haut de ses 2632 m\u00e8tres,\u00a0 partez a la d\u00e9couverte du volcan de la fournaise,\u00a0 un des volcans les plus actifs au monde.<\/p>\n<p>Excursion a la demi journ\u00e9e ou journ\u00e9e compl\u00e8te.<\/p>\n<p>TARIFS\u00a0 : 70 euros la demi journ\u00e9e. 110 euros la journ\u00e9e.<\/p>\n<p>&nbsp;<\/p>\n<p>D\u00e9part de votre lieu de vill\u00e9giature 5H<\/p>\n","protected":false},"excerpt":{"rendered":"<p>Entre beaut\u00e9 et frisson. Du haut de ses 2632 m\u00e8tres,\u00a0 partez a la d\u00e9couverte du volcan de la fournaise,\u00a0 un des volcans les plus actifs au monde. Excursion a la demi journ\u00e9e ou journ\u00e9e compl\u00e8te. TARIFS\u00a0 : 70 euros la demi journ\u00e9e. 110 euros la journ\u00e9e. &nbsp; D\u00e9part de votre lieu de vill\u00e9giature 5H<\/p>\n","protected":false},"author":2,"featured_media":0,"parent":46,"menu_order":5,"comment_status":"closed","ping_status":"closed","template":"","meta":{"footnotes":""},"class_list":["post-90","page","type-page","status-publish","hentry","nodate","item-wrap"],"_links":{"self":[{"href":"https:\/\/www.safari-pei.re\/index.php\/wp-json\/wp\/v2\/pages\/90","targetHints":{"allow":["GET"]}}],"collection":[{"href":"https:\/\/www.safari-pei.re\/index.php\/wp-json\/wp\/v2\/pages"}],"about":[{"href":"https:\/\/www.safari-pei.re\/index.php\/wp-json\/wp\/v2\/types\/page"}],"author":[{"embeddable":true,"href":"https:\/\/www.safari-pei.re\/index.php\/wp-json\/wp\/v2\/users\/2"}],"replies":[{"embeddable":true,"href":"https:\/\/www.safari-pei.re\/index.php\/wp-json\/wp\/v2\/comments?post=90"}],"version-history":[{"count":1,"href":"https:\/\/www.safari-pei.re\/index.php\/wp-json\/wp\/v2\/pages\/90\/revisions"}],"predecessor-version":[{"id":91,"href":"https:\/\/www.safari-pei.re\/index.php\/wp-json\/wp\/v2\/pages\/90\/revisions\/91"}],"up":[{"embeddable":true,"href":"https:\/\/www.safari-pei.re\/index.php\/wp-json\/wp\/v2\/pages\/46"}],"wp:attachment":[{"href":"https:\/\/www.safari-pei.re\/index.php\/wp-json\/wp\/v2\/media?parent=90"}],"curies":[{"name":"wp","href":"https:\/\/api.w.org\/{rel}","templated":true}]}}